{"id":55,"date":"2025-10-06T03:02:56","date_gmt":"2025-10-06T03:02:56","guid":{"rendered":"https:\/\/darioluzuriaga.com\/home\/"},"modified":"2026-02-02T18:56:01","modified_gmt":"2026-02-02T18:56:01","slug":"home","status":"publish","type":"page","link":"https:\/\/darioluzuriaga.com\/fr\/","title":{"rendered":"Accueil"},"content":{"rendered":"<div data-elementor-type=\"wp-page\" data-elementor-id=\"55\" class=\"elementor elementor-55\" data-elementor-post-type=\"page\">\n\t\t\t\t<div class=\"elementor-element elementor-element-5652567 e-flex e-con-boxed e-con e-parent\" data-id=\"5652567\" data-element_type=\"container\" data-e-type=\"container\">\n\t\t\t\t\t<div class=\"e-con-inner\">\n\t\t<div class=\"elementor-element elementor-element-3738ed9 e-con-full e-flex e-con e-child\" data-id=\"3738ed9\" data-element_type=\"container\" data-e-type=\"container\">\n\t\t\t\t<div class=\"elementor-element elementor-element-44020c7 elementor-align-center elementor-widget__width-auto elementor-icon-list--layout-traditional elementor-list-item-link-full_width elementor-invisible elementor-widget elementor-widget-icon-list\" data-id=\"44020c7\" data-element_type=\"widget\" data-e-type=\"widget\" data-settings=\"{&quot;sticky&quot;:&quot;top&quot;,&quot;sticky_on&quot;:[],&quot;_animation&quot;:&quot;fadeIn&quot;,&quot;_animation_delay&quot;:&quot;2000&quot;,&quot;sticky_offset&quot;:0,&quot;sticky_effects_offset&quot;:0,&quot;sticky_anchor_link_offset&quot;:0}\" data-widget_type=\"icon-list.default\">\n\t\t\t\t\t\t\t<ul class=\"elementor-icon-list-items\">\n\t\t\t\t\t\t\t<li class=\"elementor-icon-list-item\">\n\t\t\t\t\t\t\t\t\t\t\t<a href=\"https:\/\/www.linkedin.com\/in\/darioluzuriaga\/\">\n\n\t\t\t\t\t\t\t\t\t\t\t\t<span class=\"elementor-icon-list-icon\">\n\t\t\t\t\t\t\t<svg aria-hidden=\"true\" class=\"e-font-icon-svg e-fab-linkedin-in\" viewbox=\"0 0 448 512\" xmlns=\"http:\/\/www.w3.org\/2000\/svg\"><path d=\"M100.28 448H7.4V148.9h92.88zM53.79 108.1C24.09 108.1 0 83.5 0 53.8a53.79 53.79 0 0 1 107.58 0c0 29.7-24.1 54.3-53.79 54.3zM447.9 448h-92.68V302.4c0-34.7-.7-79.2-48.29-79.2-48.29 0-55.69 37.7-55.69 76.7V448h-92.78V148.9h89.08v40.8h1.3c12.4-23.5 42.69-48.3 87.88-48.3 94 0 111.28 61.9 111.28 142.3V448z\"><\/path><\/svg>\t\t\t\t\t\t<\/span>\n\t\t\t\t\t\t\t\t\t\t<span class=\"elementor-icon-list-text\"><\/span>\n\t\t\t\t\t\t\t\t\t\t\t<\/a>\n\t\t\t\t\t\t\t\t\t<\/li>\n\t\t\t\t\t\t<\/ul>\n\t\t\t\t\t\t<\/div>\n\t\t\t\t<\/div>\n\t\t<div class=\"elementor-element elementor-element-a3e93b8 e-con-full e-flex e-con e-child\" data-id=\"a3e93b8\" data-element_type=\"container\" data-e-type=\"container\">\n\t\t\t\t<div class=\"elementor-element elementor-element-bc12e6f elementor-widget elementor-widget-heading\" data-id=\"bc12e6f\" data-element_type=\"widget\" data-e-type=\"widget\" data-widget_type=\"heading.default\">\n\t\t\t\t\t<h4 class=\"elementor-heading-title elementor-size-default\">(01)<\/h4>\t\t\t\t<\/div>\n\t\t\t\t<div class=\"elementor-element elementor-element-1dd833a elementor-widget__width-initial elementor-widget elementor-widget-heading\" data-id=\"1dd833a\" data-element_type=\"widget\" data-e-type=\"widget\" data-widget_type=\"heading.default\">\n\t\t\t\t\t<h1 class=\"elementor-heading-title elementor-size-default\">Dr. Dar\u00edo <br>Luzuriaga <\/h1>\t\t\t\t<\/div>\n\t\t\t\t<div class=\"elementor-element elementor-element-0147751 elementor-widget-divider--view-line elementor-widget elementor-widget-divider\" data-id=\"0147751\" data-element_type=\"widget\" data-e-type=\"widget\" data-widget_type=\"divider.default\">\n\t\t\t\t\t\t\t<div class=\"elementor-divider\">\n\t\t\t<span class=\"elementor-divider-separator\">\n\t\t\t\t\t\t<\/span>\n\t\t<\/div>\n\t\t\t\t\t\t<\/div>\n\t\t\t\t<div class=\"elementor-element elementor-element-1e164a1 elementor-widget elementor-widget-text-editor\" data-id=\"1e164a1\" data-element_type=\"widget\" data-e-type=\"widget\" data-widget_type=\"text-editor.default\">\n\t\t\t\t\t\t\t\t\t<p>Le Dr Dar\u00edo C\u00e9sar Luzuriaga Sorribes<strong> (B.Eng., B.A., PhD, Ing.)<\/strong> est un expert chevronn\u00e9 en communication, avec plus de deux d\u00e9cennies d'exp\u00e9rience en radio-t\u00e9l\u00e9 diffusion, production audiovisuelle, recherche universitaire et formation m\u00e9diatique. <strong>Parlant couramment le fran\u00e7ais, l'anglais et l'espagnol,<\/strong>il a fait de contributions \u00e0 des projets m\u00e9diatiques et la recherche en dans les continents am\u00e9ricains et l\u2019Europe, apportant une perspective internationale \u00e0 ses projets acad\u00e9miques et professionnels. Sa passion pour la t\u00e9l\u00e9vision, la radio, les nouveaux m\u00e9dias et la communication, tant au niveau du contenu que de l'ing\u00e9nierie (\u00e9lectronique-informatique), nourrit son engagement \u00e0 fa\u00e7onner l'avenir de ce secteur et \u00e0 cr\u00e9er la prochaine g\u00e9n\u00e9ration de productions m\u00e9diatiques et technologies. Au-del\u00e0 des m\u00e9dias, il est un r\u00eaveur philosophique, un d\u00e9fenseur des droits de la personne, un gardien de la justice sociale et un passionn\u00e9 des salles de gym.<\/p>\t\t\t\t\t\t\t\t<\/div>\n\t\t\t\t<\/div>\n\t\t<div class=\"elementor-element elementor-element-71d4d5c e-con-full e-flex e-con e-child\" data-id=\"71d4d5c\" data-element_type=\"container\" data-e-type=\"container\">\n\t\t\t\t<div class=\"elementor-element elementor-element-e04a686 elementor-widget elementor-widget-image\" data-id=\"e04a686\" data-element_type=\"widget\" data-e-type=\"widget\" data-widget_type=\"image.default\">\n\t\t\t\t\t\t\t\t\t\t\t\t\t\t\t<img fetchpriority=\"high\" decoding=\"async\" width=\"1024\" height=\"1536\" src=\"https:\/\/darioluzuriaga.com\/wp-content\/uploads\/2026\/02\/dario-1.jpg\" class=\"attachment-full size-full wp-image-473\" alt=\"\" srcset=\"https:\/\/darioluzuriaga.com\/wp-content\/uploads\/2026\/02\/dario-1.jpg 1024w, https:\/\/darioluzuriaga.com\/wp-content\/uploads\/2026\/02\/dario-1-200x300.jpg 200w, https:\/\/darioluzuriaga.com\/wp-content\/uploads\/2026\/02\/dario-1-683x1024.jpg 683w, https:\/\/darioluzuriaga.com\/wp-content\/uploads\/2026\/02\/dario-1-768x1152.jpg 768w, https:\/\/darioluzuriaga.com\/wp-content\/uploads\/2026\/02\/dario-1-8x12.jpg 8w\" sizes=\"(max-width: 1024px) 100vw, 1024px\" \/>\t\t\t\t\t\t\t\t\t\t\t\t\t\t\t<\/div>\n\t\t\t\t<\/div>\n\t\t\t\t\t<\/div>\n\t\t\t\t<\/div>\n\t\t\t\t<\/div>","protected":false},"excerpt":{"rendered":"<p>(01) Dr. Dar\u00edo Luzuriaga Dr. Dar\u00edo C\u00e9sar Luzuriaga Sorribes (B.Eng, B.A., PhD, P.Eng.) is a seasoned communications expert with over [&hellip;]<\/p>","protected":false},"author":1,"featured_media":0,"parent":0,"menu_order":0,"comment_status":"closed","ping_status":"closed","template":"elementor_header_footer","meta":{"_uag_custom_page_level_css":"","site-sidebar-layout":"default","site-content-layout":"","ast-site-content-layout":"default","site-content-style":"default","site-sidebar-style":"default","ast-global-header-display":"","ast-banner-title-visibility":"","ast-main-header-display":"","ast-hfb-above-header-display":"","ast-hfb-below-header-display":"","ast-hfb-mobile-header-display":"","site-post-title":"","ast-breadcrumbs-content":"","ast-featured-img":"","footer-sml-layout":"","theme-transparent-header-meta":"","adv-header-id-meta":"","stick-header-meta":"","header-above-stick-meta":"","header-main-stick-meta":"","header-below-stick-meta":"","astra-migrate-meta-layouts":"default","ast-page-background-enabled":"default","ast-page-background-meta":{"desktop":{"background-color":"var(--ast-global-color-5)","background-image":"","background-repeat":"repeat","background-position":"center center","background-size":"auto","background-attachment":"scroll","background-type":"","background-media":"","overlay-type":"","overlay-color":"","overlay-opacity":"","overlay-gradient":""},"tablet":{"background-color":"","background-image":"","background-repeat":"repeat","background-position":"center center","background-size":"auto","background-attachment":"scroll","background-type":"","background-media":"","overlay-type":"","overlay-color":"","overlay-opacity":"","overlay-gradient":""},"mobile":{"background-color":"","background-image":"","background-repeat":"repeat","background-position":"center center","background-size":"auto","background-attachment":"scroll","background-type":"","background-media":"","overlay-type":"","overlay-color":"","overlay-opacity":"","overlay-gradient":""}},"ast-content-background-meta":{"desktop":{"background-color":"var(--ast-global-color-4)","background-image":"","background-repeat":"repeat","background-position":"center center","background-size":"auto","background-attachment":"scroll","background-type":"","background-media":"","overlay-type":"","overlay-color":"","overlay-opacity":"","overlay-gradient":""},"tablet":{"background-color":"var(--ast-global-color-4)","background-image":"","background-repeat":"repeat","background-position":"center center","background-size":"auto","background-attachment":"scroll","background-type":"","background-media":"","overlay-type":"","overlay-color":"","overlay-opacity":"","overlay-gradient":""},"mobile":{"background-color":"var(--ast-global-color-4)","background-image":"","background-repeat":"repeat","background-position":"center center","background-size":"auto","background-attachment":"scroll","background-type":"","background-media":"","overlay-type":"","overlay-color":"","overlay-opacity":"","overlay-gradient":""}},"footnotes":""},"class_list":["post-55","page","type-page","status-publish","hentry"],"aioseo_notices":[],"_hostinger_reach_plugin_has_subscription_block":false,"_hostinger_reach_plugin_is_elementor":false,"uagb_featured_image_src":{"full":false,"thumbnail":false,"medium":false,"medium_large":false,"large":false,"1536x1536":false,"2048x2048":false,"trp-custom-language-flag":false},"uagb_author_info":{"display_name":"summer_melissa@yahoo.com","author_link":"https:\/\/darioluzuriaga.com\/fr\/author\/summer_melissayahoo-com\/"},"uagb_comment_info":0,"uagb_excerpt":"(01) Dr. Dar\u00edo Luzuriaga Dr. Dar\u00edo C\u00e9sar Luzuriaga Sorribes (B.Eng, B.A., PhD, P.Eng.) is a seasoned communications expert with over [&hellip;]","_links":{"self":[{"href":"https:\/\/darioluzuriaga.com\/fr\/wp-json\/wp\/v2\/pages\/55","targetHints":{"allow":["GET"]}}],"collection":[{"href":"https:\/\/darioluzuriaga.com\/fr\/wp-json\/wp\/v2\/pages"}],"about":[{"href":"https:\/\/darioluzuriaga.com\/fr\/wp-json\/wp\/v2\/types\/page"}],"author":[{"embeddable":true,"href":"https:\/\/darioluzuriaga.com\/fr\/wp-json\/wp\/v2\/users\/1"}],"replies":[{"embeddable":true,"href":"https:\/\/darioluzuriaga.com\/fr\/wp-json\/wp\/v2\/comments?post=55"}],"version-history":[{"count":52,"href":"https:\/\/darioluzuriaga.com\/fr\/wp-json\/wp\/v2\/pages\/55\/revisions"}],"predecessor-version":[{"id":476,"href":"https:\/\/darioluzuriaga.com\/fr\/wp-json\/wp\/v2\/pages\/55\/revisions\/476"}],"wp:attachment":[{"href":"https:\/\/darioluzuriaga.com\/fr\/wp-json\/wp\/v2\/media?parent=55"}],"curies":[{"name":"wp","href":"https:\/\/api.w.org\/{rel}","templated":true}]}}